{"id":160,"date":"2023-03-26T16:48:35","date_gmt":"2023-03-26T14:48:35","guid":{"rendered":"http:\/\/www.bezirksverband-wipperfuerth.de\/?page_id=160"},"modified":"2023-10-31T13:23:16","modified_gmt":"2023-10-31T12:23:16","slug":"allgemeine-regeln","status":"publish","type":"page","link":"http:\/\/www.bezirksverband-wipperfuerth.de\/?page_id=160","title":{"rendered":"Allgemeine Regeln"},"content":{"rendered":"<h4>Allgemeine Regeln<\/h4>\n<p>&nbsp;<\/p>\n<p>Spezielle Regeln und Vorschriften f\u00fcr die einzelnen Wettbewerbe sind im Folgeteil abgedruckt. Sie sind auf rechtsh\u00e4ndige Sch\u00fctzen bezogen und sind sinngem\u00e4\u00df f\u00fcr Linksh\u00e4nder anzuwenden.<\/p>\n<p><strong>1. Klasseneinteilung<\/strong><\/p>\n<p>Die Wettbewerbe werden in folgenden Klassen durchgef\u00fchrt:<\/p>\n<ul>\n<li>Lichtpunkt von 6 bis 11 Jahre<\/li>\n<li>Sch\u00fclerklasse bis 16 Jahre<\/li>\n<li>Jugendklasse bis 21 Jahr (au\u00dfer beim Bezirksprinzen schie\u00dfen.)<\/li>\n<li>Sch\u00fctzenklasse (m) und (w) bis 39 Jahre<\/li>\n<li>Altersklasse (m) und (w) 40 bis 59 Jahre<\/li>\n<li>Seniorenklasse I (m) und (w) 60 bis 69 Jahre<\/li>\n<li>Seniorenklasse II (m) und (w) ab 70 Jahre<\/li>\n<li>offene Klasse ( entsprechend den gesetzlichen Altersvorgaben des WaffG)<\/li>\n<\/ul>\n<p>Stichtag f\u00fcr die Zugeh\u00f6rigkeit zu einer Klasse ist der 01.01 des Kalenderjahres, in dem das ma\u00dfgebliche Lebensalter erreicht wird. ( entsprechend den gesetzlichen Altersvorgaben des WaffG)<\/p>\n<p><strong>2. Anschl\u00e4ge:<\/strong><\/p>\n<ul>\n<li><u>liegend<\/u>\n<ul>\n<li>Der Sch\u00fctze liegt ausgestreckt auf einer waagerechten Schie\u00dfpritsche.<\/li>\n<li>Das Gewehr wird von beiden H\u00e4nden und einer Schulter gest\u00fctzt.<\/li>\n<li>Die Wange darf am Schaft angedr\u00fcckt werden.<\/li>\n<li>Es darf ein Schie\u00dfriemen benutzt werden.<\/li>\n<li>Beide Unterarme und die \u00c4rmel der Schie\u00dfjacke m\u00fcssen sichtbar frei von der Unterlage sein.<\/li>\n<\/ul>\n<\/li>\n<\/ul>\n<ul>\n<li><u>freistehend<\/u>\n<ul>\n<li>Der Sch\u00fctze steht frei und aufrecht mit beiden F\u00fc\u00dfen in gleicher H\u00f6he auf dem Boden. Das Gewehr wird mit beiden H\u00e4nden gehalten.<\/li>\n<li>Der linke Oberarm und er Ellenbogen d\u00fcrfen an der Brust oder auf die H\u00fcfte aufgest\u00fctzt werden.<\/li>\n<li>Das Anlehnen an einer Br\u00fcstung ist verboten.<\/li>\n<\/ul>\n<\/li>\n<\/ul>\n<ul>\n<li><u>stehend aufgelegt<\/u> (Seniorenklasse I und II und beim Bezirkssch\u00fclerprinzenschie\u00dfen)\n<ul>\n<li>Die Waffe liegt auf einer waagerechten Auflage<\/li>\n<li>Die Auflage darf einen maximalen Durchmesser von 50mm und einer L\u00e4nge von mindestens 100 mm haben<\/li>\n<li>Die Auflage kann seitlich h\u00f6henverstellbar an einer Stange oder fest auf dem Kopf einer h\u00f6henverstellbaren Stange, die sich mittig zur jeweiligen Sch\u00fctzenposition ca. 35 cm vor der Feuerlinie in der Schie\u00dfbahn befinden sollte, \u00a0angebracht sein.<\/li>\n<li>Die Waffe liegt sichtbar frei auf einer waagerechten Auflage. Die Auflagefl\u00e4che der Waffe darf nicht mit rutschhemmendem Material ummantelt oder beschichtet sein.<\/li>\n<li>Die linke Hand darf die Waffe nicht zwischen Auflage und Laufm\u00fcndung halten. Zwischen Auflage und Hand muss ein f\u00fcr die Aufsicht sichtbarer Zwischenraum gegeben sein.<\/li>\n<li>Die Schaftkappe muss im Schulterbereich anliegen<\/li>\n<\/ul>\n<\/li>\n<\/ul>\n<ul>\n<li><u>stehend angestrichen<\/u> (Seniorenklasse und beim Bezirksk\u00f6nigsschie\u00dfen)\n<ul>\n<li>Die linke Hand umfasst fest (der Daumen liegt oben) eine senkrechte Stange, welche mindestens einen Durchmesser von 30 mm haben muss.<\/li>\n<li>Die Stange soll sich mittig zu jeweiligen Sch\u00fctzenposition ca. 30 cm vor der Feuerlinie befinden und in der Schie\u00dfbahn befestigt sein.<\/li>\n<li>Die Waffe kann bis zum Handgelenk auf die umfassende Hand aufgelegt werden.<\/li>\n<li>Die Waffe darf seitlich an die Anschlagstange angelehnt &#8211; aber nicht eingeklemmt &#8211; werden.<\/li>\n<li>Zus\u00e4tzliche St\u00fctzen rutschhemmende Materialien wie z. B. Gummi (Moosgummi, Noppengummi usw.), Klebestreifen oder \u00e4hnliche Materialien und ein Auflagekeil an der Waffe sind nicht erlaubt.<\/li>\n<li>Das Anlehnen an einer Br\u00fcstung ist verboten.<\/li>\n<\/ul>\n<\/li>\n<\/ul>\n<ul>\n<li><strong><u>Nicht zul\u00e4ssiger Anschlag<\/u><\/strong>\n<ul>\n<li>ein Keil wird verwendet<\/li>\n<li>Daumen liegt unten<\/li>\n<li>Waffe liegt auf dem Unterarm<\/li>\n<\/ul>\n<\/li>\n<\/ul>\n<ul>\n<li><strong><u>Zul\u00e4ssiger Anschlag<\/u><\/strong><\/li>\n<li style=\"list-style-type: none;\">\n<ul>\n<li>Waffe liegt auf der Daumenwurzel<\/li>\n<li>Waffe liegt am Handgelenk<\/li>\n<li>Waffe liegt am Handgelenk<\/li>\n<\/ul>\n<\/li>\n<\/ul>\n<p><strong>Grunds\u00e4tzlich gilt: <\/strong>alles was in einer T-Nut-Schiene (Profil- oder Multifunktionsschiene) angebracht werden kann, oder die auf andere Art und Weise zus\u00e4tzlich an einem fertig nutzbaren Standart-Vorderschaft angebracht werden kann, ist <strong>nicht <\/strong>zul\u00e4ssig!<\/p>\n<p><strong>Ausgenommen<\/strong> hiervon sind lediglich Anbauten, die durch ihre Konstruktion gleichzeitig eine Schutzfunktion f\u00fcr den Abzug\/die Abzugseinheit \u00fcbernehmen:<\/p>\n<ul>\n<li><u>Sitzend auf dem Hocker<\/u>\n<ul>\n<li><span dir=\"ltr\" role=\"presentation\">Sch\u00fctzen ab 70. Lebensjahr ist in allen Disziplinen der Seniorenklasse II das <\/span><span dir=\"ltr\" role=\"presentation\">Schie\u00dfen im Sitzen auf einem Hocker ohne Lehne erlaubt (gem. Anlage 11)<\/span><u><br \/>\n<\/u><\/li>\n<\/ul>\n<\/li>\n<\/ul>\n<ul>\n<li><u>Luftpistole stehend<\/u> (Sch\u00fctze steht frei &amp; aufrecht mit beiden F\u00fc\u00dfen in gleicher H\u00f6he auf dem Boden)\n<ul>\n<li>Die Waffe darf nur von einer Hand gehalten und bet\u00e4tigt werden.<\/li>\n<li>Die Schusshand muss frei sein.<\/li>\n<li>Das Handgelenk darf weder bandagiert noch sonst auf eine Art gest\u00fctzt sein.<\/li>\n<li>Frei verschiebbare Kleidungsst\u00fccke z.B. Schwei\u00dfb\u00e4nder sind erlaubt.<\/li>\n<li>Das Handgelenk muss mit der Waffe im Anschlag frei beweglich sein.<\/li>\n<\/ul>\n<\/li>\n<\/ul>\n<p><strong>3. Beschie\u00dfen einer fremden oder falschen Scheibe<\/strong><\/p>\n<ul>\n<li>Gibt ein Sch\u00fctze einen Schuss auf eine fremde Scheibe ab, so ist dies dem Schie\u00dfleiter\/Standaufsicht sofort zu melden. Ist der Schuss auf der fremden Scheibe nicht einwandfrei zu ermitteln, wird auf dieser Scheibe der schlechteste Schuss gestrichen.<\/li>\n<li>F\u00fcr den <strong>falsch abgegebene Schuss wird kein zus\u00e4tzlicher Schus<\/strong><strong>s <\/strong>gew\u00e4hrt.<\/li>\n<li>Gibt ein Sch\u00fctze einen Schuss zu viel auf seine Wertungsscheibe ab, so ist auf die n\u00e4chste Wettkampfscheibe ein Schuss weniger abzugeben.<\/li>\n<li>Handelt es sich um die letzte Scheibe, wird der beste Schuss auf dieser Scheibe abgezogen.<\/li>\n<li>Jeder abgegebene Schuss ob mit oder ohne Munition z\u00e4hlt.<\/li>\n<li>Der Wettkampf ist beendet, wenn der letzte Sch\u00fctze den Stand verlassen hat.<\/li>\n<li>Hat ein Sch\u00fctze seine Scheiben \/ Streifen nach Verlassen des Schie\u00dfstands zur Auswertung abgelegt, darf er diese nicht mehr ber\u00fchren.<\/li>\n<li><strong>Vergessene<\/strong> oder nicht abgegebene <strong>Sch\u00fcsse<\/strong> gelten als geschossen und <strong>d\u00fcrfen<\/strong> <strong>nicht<\/strong> nachgeholt werden.<\/li>\n<\/ul>\n<p><strong>4. Hilfsmittel<\/strong><\/p>\n<ul>\n<li>Die Verwendung eines optischen Hilfsmittels mit einer Vergr\u00f6\u00dferung bis 0,75 Dioptrien (1,75 fache Vergr\u00f6\u00dferung) ist beim Gewehrschie\u00dfen gestattet.<\/li>\n<li>Das Hilfsmittel muss so gekennzeichnet sein, dass die Vergr\u00f6\u00dferung erkennbar ist.<\/li>\n<li>Das optische Hilfsmittel darf nur im Diopter (Optik) <strong>oder<\/strong> im Korntunnel (Adlerauge) festangebracht werden. Bewegliche optische Hilfsmittel sind nicht gestattet.<\/li>\n<li>Die Verwendung von Farbgl\u00e4sern, die optischen Schliff oder Form haben, ist nicht erlaubt.<\/li>\n<li>Das Tragen einer Schie\u00dfbrille, ersatzweise die Verwendung des Monoframes, sowie die Benutzung eines Zylinderlinsensystems, gilt nicht als Verwendung eines optischen Zielhilfsmittels. Beides ist als Ersatz f\u00fcr die Schie\u00dfbrille f\u00fcr alle Altersstufen erlaubt!<\/li>\n<li>F\u00fcr das Traditionsschie\u00dfen des BHDS d\u00fcrfen weder Schie\u00dfbrille, noch Monoframe, noch das Zylinderlinsensystem benutzt werden.<\/li>\n<li>Sch\u00fctzen, denen eine Schie\u00dferleichterung egal welcher Art und Weise vom Historischen Sch\u00fctzenbund gestattet wird, darf diese auch bei den Wettbewerben unseres Bezirksverbandes nutzen.<\/li>\n<li>Sch\u00fctzen \u00fcber 70 Jahre (Damen und Herren) wird gestattet sitzend aufgelegt zu schie\u00dfen.<\/li>\n<\/ul>\n<p>Das genehmigte Hilfsmittel nach Sportordnung ist vom Sch\u00fctzen selbst mit zu bringen.<\/p>\n","protected":false},"excerpt":{"rendered":"<p>Allgemeine Regeln &nbsp; Spezielle Regeln und Vorschriften f\u00fcr die einzelnen Wettbewerbe sind im Folgeteil abgedruckt. Sie sind auf rechtsh\u00e4ndige Sch\u00fctzen bezogen und sind sinngem\u00e4\u00df f\u00fcr Linksh\u00e4nder anzuwenden. 1. Klasseneinteilung Die Wettbewerbe werden in folgenden Klassen durchgef\u00fchrt: Lichtpunkt von 6 bis 11 Jahre Sch\u00fclerklasse bis 16 Jahre Jugendklasse bis 21 Jahr&#8230;<\/p>\n<p> <a class=\"continue-reading-link\" href=\"http:\/\/www.bezirksverband-wipperfuerth.de\/?page_id=160\"><span>Continue reading<\/span><i class=\"crycon-right-dir\"><\/i><\/a> <\/p>\n","protected":false},"author":1,"featured_media":0,"parent":89,"menu_order":51,"comment_status":"closed","ping_status":"closed","template":"","meta":{"footnotes":""},"class_list":["post-160","page","type-page","status-publish","hentry"],"_links":{"self":[{"href":"http:\/\/www.bezirksverband-wipperfuerth.de\/index.php?rest_route=\/wp\/v2\/pages\/160","targetHints":{"allow":["GET"]}}],"collection":[{"href":"http:\/\/www.bezirksverband-wipperfuerth.de\/index.php?rest_route=\/wp\/v2\/pages"}],"about":[{"href":"http:\/\/www.bezirksverband-wipperfuerth.de\/index.php?rest_route=\/wp\/v2\/types\/page"}],"author":[{"embeddable":true,"href":"http:\/\/www.bezirksverband-wipperfuerth.de\/index.php?rest_route=\/wp\/v2\/users\/1"}],"replies":[{"embeddable":true,"href":"http:\/\/www.bezirksverband-wipperfuerth.de\/index.php?rest_route=%2Fwp%2Fv2%2Fcomments&post=160"}],"version-history":[{"count":32,"href":"http:\/\/www.bezirksverband-wipperfuerth.de\/index.php?rest_route=\/wp\/v2\/pages\/160\/revisions"}],"predecessor-version":[{"id":302,"href":"http:\/\/www.bezirksverband-wipperfuerth.de\/index.php?rest_route=\/wp\/v2\/pages\/160\/revisions\/302"}],"up":[{"embeddable":true,"href":"http:\/\/www.bezirksverband-wipperfuerth.de\/index.php?rest_route=\/wp\/v2\/pages\/89"}],"wp:attachment":[{"href":"http:\/\/www.bezirksverband-wipperfuerth.de\/index.php?rest_route=%2Fwp%2Fv2%2Fmedia&parent=160"}],"curies":[{"name":"wp","href":"https:\/\/api.w.org\/{rel}","templated":true}]}}