{"id":162,"date":"2023-03-26T16:49:07","date_gmt":"2023-03-26T14:49:07","guid":{"rendered":"http:\/\/www.bezirksverband-wipperfuerth.de\/?page_id=162"},"modified":"2023-10-31T13:28:54","modified_gmt":"2023-10-31T12:28:54","slug":"rundenwettkaempfe","status":"publish","type":"page","link":"http:\/\/www.bezirksverband-wipperfuerth.de\/?page_id=162","title":{"rendered":"Rundenwettk\u00e4mpfe"},"content":{"rendered":"<h4>Rundenwettk\u00e4mpfe<\/h4>\n<p>&nbsp;<\/p>\n<p>Die Bezirksschie\u00dfmeister stellen f\u00fcr die jeweiligen Gruppen eine Terminplan mit m\u00f6glichen Terminvorschl\u00e4gen auf und senden diesen an die Schie\u00dfmeister der Vereine, sofern diese Mannschaften gemeldet haben!<\/p>\n<p>Wenn eine Mannschaft zu dem vorgeschlagenen Termin nicht antreten kann, muss sie sich mit dem jeweiligen Gegner abstimmen und auf einen neuen Termin einigen. Die Absprache erfolgt unter den jeweiligen Mannschaftsbetreuern in deren ermessen es auch liegt, warum der Wettkampf verlegt werden soll.<\/p>\n<p>Sollte man eine Terminverschiebung vermeiden k\u00f6nnen, indem man einen Sch\u00fctzen den Wettkampf vorschie\u00dfen l\u00e4sst, k\u00f6nnen sich die Mannschaftsbetreuer untereinander absprechen, diese vereinbaren auch gemeinsam wie und wo dieses Vorschie\u00dfen stattfinden soll. Es sollten maximal nur 2 Sch\u00fctzen einer Mannschaft vorschie\u00dfen.<\/p>\n<p>Erscheint eine Mannschaft nicht zum vereinbarten Termin so gilt der Kampf, nach einer Wartezeit von <strong>30 min,<\/strong> f\u00fcr die nicht angetretene Mannschaft als verloren. Die angetretene Mannschaft kann den Wettkampf alleine absolvieren. Das Ergebnis wird gewertet als w\u00e4re der Gegner angetreten. Ein Vermerk \u00fcber den Ablauf ist beizuf\u00fcgen.<\/p>\n<p><strong>Die Rundenwettk\u00e4mpfe k\u00f6nnen in Lageneinteilung geschossen werden<\/strong>.<\/p>\n<p>Es ist jedem gastgebendem Verein gestattet <strong>Startzeiten<\/strong> festzulegen. Dies soll unn\u00f6tige Wartezeiten, bzw. Wettkampfverl\u00e4ngerungen verhindern.<\/p>\n<p>Bei Lagenwechsel (je nach Standgr\u00f6\u00dfe 1, 2 oder 3 Lagen) wird immer gemeinsam der Stand betreten. Es ist darauf zu achten, dass in der letzten Lage mindestens ein Sch\u00fctze jeder Mannschaft die Lage bildet.<\/p>\n<p>Ein zu sp\u00e4t kommender Sch\u00fctze kann in eine laufende Lage eintreten, hat aber nur noch die verbleibende Zeit der Lage um seine Serie zu schie\u00dfen. Eine Zusatzlage wird f\u00fcr ihn nicht angesetzt. \u00c4nderungen k\u00f6nnen am Wettkampftag vorgenommen werden, so kann der gastgebende Verein den Wettkampf auch im fliegenden Wechsel stattfinden lassen.<\/p>\n<p>Sollte keine Lageneinteilung vorgenommen werden, sollte jeder Sch\u00fctze darauf bedacht sein einen Wettkampf nicht unn\u00f6tig in die L\u00e4nge zu ziehen. Dabei ist darauf zu achten das sich kein Sch\u00fctze <strong>ALLEINE<\/strong> auf dem Stand befindet. (sofern es die Umst\u00e4nde zulassen &#8211; mehrere Sch\u00fctzen schie\u00dfen mit dem gleichen Gewehr oder der gleichen Schie\u00dfjacke etc.)<\/p>\n<p>Bei jedem Wettkampf werden <strong>3 Formulare<\/strong> ausgef\u00fcllt. Je 1 Exemplar erhalten die jeweiligen Mannschaften. Die gastgebende Mannschaft schickt <strong>1 Exemplar (Original)<\/strong> an den <strong>Bezirksschie\u00dfmeister oder seinen Stellvertreter.<\/strong><\/p>\n<p>Ein zus\u00e4tzlicher Mannschaftssch\u00fctze kann generell au\u00dfer der Wertung schie\u00dfen und wird nur f\u00fcr die Einzelwertung der jeweiligen Gruppe gewertet. Der Sch\u00fctze der au\u00dfer Wertung schie\u00dft muss vor Beginn des Wettkampfes benannt werden.<\/p>\n<p>&nbsp;<\/p>\n<p><strong><u>Auswertung<\/u><\/strong><\/p>\n<p>Die Auswertung erfolgt durch je einen Vertreter beider Mannschaften. <strong>Durch die Unterschrift der Auswertungspersonen wird die ordnungsgem\u00e4\u00dfe Durchf\u00fchrung des Wettkampfs bescheinigt.<\/strong><\/p>\n<p>Die ringbeste Mannschaft erh\u00e4lt zwei Punkte, die unterlegene keine Punkte. Endet ein Wettkampf ringgleich, so erh\u00e4lt jede Mannschaft einen Punkt. Die Mannschaft mit den meisten Punkten ist Gruppensieger. Haben mehrere Mannschaften die gleiche Punktzahl, so ist die Mannschaft mit der h\u00f6chsten Ringzahl Gruppensieger. Bei Punkt- und Ringgleichheit entscheidet das h\u00f6chste Saisonergebnis \u00fcber die Platzierung. Die gleiche Regelung gilt analog bei der Abstiegsentscheidung.<\/p>\n<p>Bei Klassen mit zwei oder mehr Gruppen gilt au\u00dferdem, dass der Sieger der zweiten Gruppe einer Saison in die n\u00e4chsth\u00f6here Gruppe aufsteigt. Die schlechteste Mannschaft in der oberen Gruppe steigt in die darunter liegende Gruppe ab. Die Einzelwertung erfolgt gesondert, ja nach Gruppenst\u00e4rke.<\/p>\n<p>Die Siegermannschaft der Wettkampfserie erh\u00e4lt einen <strong>Wanderpokal.<\/strong> Dieser geht <strong>nicht<\/strong> in den Besitz eines Vereins \u00fcber, auch wenn er ihn dreimal hintereinander erringen konnte. Die <strong>3 besten Einzelsch\u00fctzen<\/strong> in der Sch\u00fcler-, sowie in der Jugendklasse erhalten einen <strong>Orden.\u00a0\u00a0\u00a0\u00a0\u00a0\u00a0\u00a0\u00a0\u00a0\u00a0\u00a0\u00a0\u00a0\u00a0\u00a0\u00a0\u00a0\u00a0\u00a0\u00a0\u00a0\u00a0\u00a0\u00a0\u00a0\u00a0\u00a0\u00a0\u00a0\u00a0\u00a0\u00a0\u00a0\u00a0\u00a0\u00a0\u00a0\u00a0\u00a0\u00a0\u00a0\u00a0\u00a0\u00a0\u00a0\u00a0\u00a0\u00a0\u00a0\u00a0\u00a0\u00a0\u00a0\u00a0\u00a0 \u00a0\u00a0\u00a0\u00a0\u00a0\u00a0<\/strong><\/p>\n<p><strong>\u00a0<\/strong><\/p>\n<p><strong><u>U12 Sch\u00fctzen<\/u><\/strong><\/p>\n<p>Gewehr: Infrarot \/ Scattanlage \/ Laserpoint (munitionslos)<\/p>\n<p>Entfernung: 10 m<\/p>\n<p>Anschlag: stehend aufgelegt oder freistehend der Anschlag in dem der erste Wettkampf geschossen wurde muss die ganze Saison geschossen werden<\/p>\n<p>Probeschuss: beliebige Schusszahl<\/p>\n<p>Wertungsschie\u00dfen: <strong>20 Schuss<\/strong> je Sch\u00fctze<\/p>\n<p>Zeit:<strong> 35 min.<\/strong> inklusive Probeschie\u00dfen<\/p>\n<p>Alter: <strong>6 Jahre bis 11 Jahre<\/strong>, Stichtag <strong>01.01.<\/strong> des Jahres in dem das Alter erreicht wird.<\/p>\n<p>Wer zu Beginn der Saison U12 Sch\u00fctze ist kann die ganze Rundenwettkampfserie zu Ende schie\u00dfen.<\/p>\n<p>Mannschaft: Eine Mannschaft besteht aus <strong>4 Sch\u00fctzen<\/strong>, die besten <strong>3 Sch\u00fctzen<\/strong> werden gewertet. Falls es die Zeit und der Stand es zulassen, kann auch ein weiterer Sch\u00fclersch\u00fctze au\u00dfer Konkurrenz starten.\u00a0 Das Ergebnis wird genau wie bei allen anderen\u00a0 Sch\u00fctzen f\u00fcr die Einzelwertung gewertet.<\/p>\n<p>&nbsp;<\/p>\n<p><strong><u>Sch\u00fcler<\/u><\/strong><\/p>\n<p>Gewehr: LG-Standard Gewehr<\/p>\n<p>Entfernung: 10 m<\/p>\n<p>Anschlag: freistehend<\/p>\n<p>Probeschuss: beliebige Schusszahl<\/p>\n<p>Wertungsschie\u00dfen: <strong>20 Schuss<\/strong> je Sch\u00fctze<\/p>\n<p>Zei: <strong>35 min.<\/strong> inklusive Probeschie\u00dfen<\/p>\n<p>Alter: bis <strong>16 Jahre<\/strong>, Stichtag <strong>01.01.<\/strong> des Jahres in dem das Alter erreicht wird.<\/p>\n<p>Wer zu Beginn der Saison Sch\u00fclersch\u00fctze ist kann die ganze Rundenwettkampfserie zu Ende schie\u00dfen.<\/p>\n<p>Mannschaft: Eine Mannschaft besteht aus <strong>4 Sch\u00fctzen<\/strong>, die besten <strong>3 Sch\u00fctzen<\/strong> werden gewertet. Falls es die Zeit und der Stand es zulassen, kann auch ein weiterer Sch\u00fclersch\u00fctze au\u00dfer Konkurrenz starten. Das Ergebnis wird genau wie bei allen anderen \u00a0Sch\u00fctzen f\u00fcr die Einzelwertung gewertet.<\/p>\n<p>Munition muss vom Sch\u00fctzen gestellt werden.<\/p>\n<p>&nbsp;<\/p>\n<p><strong><u>Jugend<\/u><\/strong><\/p>\n<p>Gewehr: LG-Standard Gewehr<\/p>\n<p>Entfernung: 10 m<\/p>\n<p>Anschlag: freistehend<\/p>\n<p>Probeschuss: beliebige Schusszahl<\/p>\n<p>Wertungsschie\u00dfen: <strong>30 Schuss<\/strong> je Sch\u00fctze<\/p>\n<p>Zeit: <strong>50 min<\/strong>. inklusive Probeschie\u00dfen<\/p>\n<p>Alter: bis <strong>21 Jahre<\/strong>, Stichtag <strong>01.01.<\/strong> des Jahres in dem das Alter erreicht wird. Wer zu Beginn der Wettkampfsaison noch Jungsch\u00fctzen ist kann die ganze Rundenwettkampfserie zu Ende schie\u00dfen.<\/p>\n<p>Mannschaft: Eine Mannschaft besteht aus <strong>5 Sch\u00fctzen<\/strong>, die besten <strong>3 Sch\u00fctzen<\/strong> werden gewertet. In jeder Mannschaft darf ein Betreuer mit schie\u00dfen, der kein Jungsch\u00fctze mehr sein muss. Der Betreuer wird ebenfalls gewertet, kann allerdings nicht mehr in einer anderen Klasse starten. Der Betreuer kann von Wettkampf zu Wettkampf gewechselt werden. Falls es die Zeit und der Stand es zulassen, kann auch ein weiterer Sch\u00fctze au\u00dfer Konkurrenz starten.\u00a0 Das Ergebnis wird genau wie bei allen anderen\u00a0 Sch\u00fctzen f\u00fcr die Einzelwertung gewertet.<\/p>\n<p>Munition muss vom Sch\u00fctzen gestellt werden.<\/p>\n<p>&nbsp;<\/p>\n<p><strong><u>Sch\u00fctzenklasse<\/u><\/strong><\/p>\n<p>Waffe: LG-Standard Gewehr<\/p>\n<p>Entfernung: 10 m<\/p>\n<p>Anschlag: freistehend<\/p>\n<p>Probeschuss: beliebige Schusszahl<\/p>\n<p>Wertungsschie\u00dfen: <strong>30 Schuss<\/strong> je Sch\u00fctze<\/p>\n<p>Zeit: <strong>50 min<\/strong>. inklusive Probeschie\u00dfen<\/p>\n<p>Mannschaft: Eine Mannschaft besteht aus <strong>5 Sch\u00fctzen<\/strong>, die besten <strong>3 Sch\u00fctzen<\/strong> werden gewertet. Falls es die Zeit und der Stand es zulassen, kann auch ein weiterer Sch\u00fctze au\u00dfer Konkurrenz starten.\u00a0 Das Ergebnis wird genau wie bei allen anderen\u00a0 Sch\u00fctzen f\u00fcr die Einzelwertung gewertet.<\/p>\n<p>Munition muss vom Sch\u00fctzen gestellt werden.<\/p>\n<p>&nbsp;<\/p>\n<p><strong><u>\u00a0Altersklassen \/ Seniorenklassen<\/u><\/strong><\/p>\n<p>Waffe: LG-Standard Gewehr<\/p>\n<p>Entfernung: 10 m<\/p>\n<p>Anschlag:\u00a0 stehend aufgelegt, Senioren \u00fcber 70 Jahre d\u00fcrfen sitzend aufgelegt schie\u00dfen (siehe allgemeine Regeln)<\/p>\n<p>Probeschuss: \u00a0beliebige Schusszahl<\/p>\n<p>Wertungsschie\u00dfen:\u00a0 <strong>30 Schuss<\/strong> je Sch\u00fctze<\/p>\n<p>Zeit: <strong>50 min<\/strong>. inklusive Probeschie\u00dfen<\/p>\n<p>Alter: M\u00e4nner ab <strong>40 Jahre<\/strong>, Stichtag <strong>01.01.<\/strong>Frauen ab<strong> 40 Jahre, <\/strong>Stichtag<strong> 01.01.<\/strong><\/p>\n<p>Mannschaft: Eine Mannschaft besteht aus <strong>5 Sch\u00fctzen<\/strong>, die besten <strong>3 Sch\u00fctzen<\/strong> werden gewertet. Falls es die Zeit und der Stand es zulassen, kann auch ein weiterer Sch\u00fctze au\u00dfer Konkurrenz starten.\u00a0 Das Ergebnis wird genau wie bei allen anderen\u00a0 Sch\u00fctzen f\u00fcr die Einzelwertung gewertet.<\/p>\n<p>Munition muss vom Sch\u00fctzen gestellt werden.<\/p>\n<p>&nbsp;<\/p>\n<p><strong><u>\u00a0Luftpistole<\/u><\/strong><\/p>\n<p>Waffe: Luftpistole<\/p>\n<p>Entfernung: 10 m<\/p>\n<p>Anschlag:\u00a0 freistehend<\/p>\n<p>Probeschuss: \u00a0beliebige Schusszahl<\/p>\n<p>Wertungsschie\u00dfen:\u00a0 <strong>30 Schuss<\/strong> je Sch\u00fctze<\/p>\n<p>Zeit: <strong>50 min<\/strong>. inklusive Probeschie\u00dfen<\/p>\n<p>Alter: offene Klasse<\/p>\n<p>Mannschaft: Eine Mannschaft besteht aus <strong>5 Sch\u00fctzen<\/strong>, die besten <strong>3 Sch\u00fctzen<\/strong> werden gewertet. Falls es die Zeit und der Stand es zulassen, kann auch ein weiterer Sch\u00fctze au\u00dfer Konkurrenz starten.\u00a0 Das Ergebnis wird genau wie bei allen anderen\u00a0 Sch\u00fctzen f\u00fcr die Einzelwertung gewertet.<\/p>\n<p>Munition muss vom Sch\u00fctzen gestellt werden.<\/p>\n<p>&nbsp;<\/p>\n<p><strong><u>KK \u00a0Sch\u00fctzen liegend<\/u><\/strong><\/p>\n<p>Waffe: KK-Standard Gewehr<\/p>\n<p>Entfernung: 50 m<\/p>\n<p>Anschlag: liegend<\/p>\n<p>Probeschuss: beliebige Schusszahl<\/p>\n<p>Wertungsschie\u00dfen: <strong>30 Schuss<\/strong> je Sch\u00fctze, 5 Schuss pro Scheibe<\/p>\n<p>Zeit: <strong>50 min.<\/strong> inklusive Probeschie\u00dfen<\/p>\n<p>Alter: offene Klasse<strong>.<\/strong><\/p>\n<p>Mannschaft: Eine Mannschaft besteht aus <strong>5 Sch\u00fctzen<\/strong>, die besten <strong>3 Sch\u00fctzen<\/strong> werden gewertet. Falls es die Zeit und der Stand es zulassen, kann auch ein weiterer Sch\u00fctze au\u00dfer Konkurrenz starten. Das Ergebnis wird genau wie bei allen anderen\u00a0 Sch\u00fctzen f\u00fcr die Einzelwertung gewertet. F\u00fcr Munition hat der Sch\u00fctze selbst zu sorgen.<\/p>\n<p>&nbsp;<\/p>\n<p><strong><u>KK Altersklasse aufgelegt <\/u><\/strong><\/p>\n<p>Waffe: KK-Standard Gewehr<\/p>\n<p>Entfernung: 50 m<\/p>\n<p>Anschlag: stehend aufgelegt ab Altersklasse<\/p>\n<p>Probeschuss: beliebige Schusszahl<\/p>\n<p>Wertungsschie\u00dfen: <strong>30 Schuss<\/strong> je Sch\u00fctze, 5 Schuss pro Scheibe<\/p>\n<p>Zeit: <strong>50 min.<\/strong> inklusive Probeschie\u00dfen<\/p>\n<p>Alter: offene Klasse.<\/p>\n<p>Mannschaft: Eine Mannschaft besteht aus <strong>5 Sch\u00fctzen<\/strong>, die besten <strong>3 Sch\u00fctzen<\/strong> werden gewertet. Falls es die Zeit und der Stand es zulassen, kann auch ein weiterer Sch\u00fctze au\u00dfer Konkurrenz starten.\u00a0 Das Ergebnis wird genau wie bei allen anderen\u00a0 Sch\u00fctzen f\u00fcr die Einzelwertung gewertet. F\u00fcr Munition hat der Sch\u00fctze selbst zu sorgen.<\/p>\n<p>&nbsp;<\/p>\n<p>Sofern ein Verein alleine nicht gen\u00fcgend Sch\u00fctzen stellen kann, um egal in welcher Gruppe, an den Rundenwettk\u00e4mpfen teilnehmen zu k\u00f6nnen. So besteht die M\u00f6glichkeit das zwei oder mehrere Vereine sich zusammen tun, um so ihren Sch\u00fctzen die M\u00f6glichkeit geben zu k\u00f6nnen an den Wettk\u00e4mpfen im Bezirk teilzunehmen. Absprachen \u00fcber Austragungsort der Heimwettk\u00e4mpfe etc. erfolgt unter den Vereinen wenn es soweit ist.<\/p>\n","protected":false},"excerpt":{"rendered":"<p>Rundenwettk\u00e4mpfe &nbsp; Die Bezirksschie\u00dfmeister stellen f\u00fcr die jeweiligen Gruppen eine Terminplan mit m\u00f6glichen Terminvorschl\u00e4gen auf und senden diesen an die Schie\u00dfmeister der Vereine, sofern diese Mannschaften gemeldet haben! Wenn eine Mannschaft zu dem vorgeschlagenen Termin nicht antreten kann, muss sie sich mit dem jeweiligen Gegner abstimmen und auf einen neuen&#8230;<\/p>\n<p> <a class=\"continue-reading-link\" href=\"http:\/\/www.bezirksverband-wipperfuerth.de\/?page_id=162\"><span>Continue reading<\/span><i class=\"crycon-right-dir\"><\/i><\/a> <\/p>\n","protected":false},"author":1,"featured_media":0,"parent":89,"menu_order":52,"comment_status":"closed","ping_status":"closed","template":"","meta":{"footnotes":""},"class_list":["post-162","page","type-page","status-publish","hentry"],"_links":{"self":[{"href":"http:\/\/www.bezirksverband-wipperfuerth.de\/index.php?rest_route=\/wp\/v2\/pages\/162","targetHints":{"allow":["GET"]}}],"collection":[{"href":"http:\/\/www.bezirksverband-wipperfuerth.de\/index.php?rest_route=\/wp\/v2\/pages"}],"about":[{"href":"http:\/\/www.bezirksverband-wipperfuerth.de\/index.php?rest_route=\/wp\/v2\/types\/page"}],"author":[{"embeddable":true,"href":"http:\/\/www.bezirksverband-wipperfuerth.de\/index.php?rest_route=\/wp\/v2\/users\/1"}],"replies":[{"embeddable":true,"href":"http:\/\/www.bezirksverband-wipperfuerth.de\/index.php?rest_route=%2Fwp%2Fv2%2Fcomments&post=162"}],"version-history":[{"count":16,"href":"http:\/\/www.bezirksverband-wipperfuerth.de\/index.php?rest_route=\/wp\/v2\/pages\/162\/revisions"}],"predecessor-version":[{"id":303,"href":"http:\/\/www.bezirksverband-wipperfuerth.de\/index.php?rest_route=\/wp\/v2\/pages\/162\/revisions\/303"}],"up":[{"embeddable":true,"href":"http:\/\/www.bezirksverband-wipperfuerth.de\/index.php?rest_route=\/wp\/v2\/pages\/89"}],"wp:attachment":[{"href":"http:\/\/www.bezirksverband-wipperfuerth.de\/index.php?rest_route=%2Fwp%2Fv2%2Fmedia&parent=162"}],"curies":[{"name":"wp","href":"https:\/\/api.w.org\/{rel}","templated":true}]}}