{"id":164,"date":"2023-03-26T16:49:48","date_gmt":"2023-03-26T14:49:48","guid":{"rendered":"http:\/\/www.bezirksverband-wipperfuerth.de\/?page_id=164"},"modified":"2023-10-31T13:32:01","modified_gmt":"2023-10-31T12:32:01","slug":"bezirksmeisterschaft-lg","status":"publish","type":"page","link":"http:\/\/www.bezirksverband-wipperfuerth.de\/?page_id=164","title":{"rendered":"Bezirksmeisterschaft LG"},"content":{"rendered":"<h4>Bezirksmeisterschaft LG<\/h4>\n<p>&nbsp;<\/p>\n<p><strong><u>Es wird in folgenden Gruppen geschossen:<\/u><\/strong><\/p>\n<p>1. Lichtpunktklasse: 1 Serie a 20 Schuss \/ stehend aufgelegt<\/p>\n<p>2. Sch\u00fclerklasse: 1 Serie a 20 Schuss\/ freistehend<\/p>\n<p>3. Jungendklasse: 1 Serie a 30 Schuss\/ freistehend<\/p>\n<p>4. Sch\u00fctzenklasse: 1 Serie a 30 Schuss \/freistehend<\/p>\n<p>5. Altersklasse: 1 Serie a 30 Schuss \/ freistehend<\/p>\n<p>6. Seniorenklasse I: 1 Serie a 30 Schuss \/ stehend angestrichenen oder stehend aufgelegten<\/p>\n<p>7. Seniorenklasse II: 1 Serie a 30 Schuss \/ stehend angestrichenen oder stehend aufgelegten oder sitzend aufgelegt<\/p>\n<p>8. Luftpistole offene Klasse: 1 Serie a 30 Schuss freistehend<\/p>\n<p>&nbsp;<\/p>\n<p>Eine Mannschaft besteht in allen Klassen aus drei Sch\u00fctzen die alle drei gewertet werden.<\/p>\n<p>Jede Bruderschaft kann soviel Mannschaften melden wie sie m\u00f6chten! Die Mannschaften k\u00f6nnen (w) und (m) gemischt sein. In jeder Klasse au\u00dfer der Luftpistole wird ein Bezirksmeister (w) und (m) geehrt.<\/p>\n<p><strong>Munition muss vom Sch\u00fctzen gestellt werden.<\/strong><\/p>\n","protected":false},"excerpt":{"rendered":"<p>Bezirksmeisterschaft LG &nbsp; Es wird in folgenden Gruppen geschossen: 1. Lichtpunktklasse: 1 Serie a 20 Schuss \/ stehend aufgelegt 2. Sch\u00fclerklasse: 1 Serie a 20 Schuss\/ freistehend 3. Jungendklasse: 1 Serie a 30 Schuss\/ freistehend 4. Sch\u00fctzenklasse: 1 Serie a 30 Schuss \/freistehend 5. Altersklasse: 1 Serie a 30 Schuss&#8230;<\/p>\n<p> <a class=\"continue-reading-link\" href=\"http:\/\/www.bezirksverband-wipperfuerth.de\/?page_id=164\"><span>Continue reading<\/span><i class=\"crycon-right-dir\"><\/i><\/a> <\/p>\n","protected":false},"author":1,"featured_media":0,"parent":89,"menu_order":53,"comment_status":"closed","ping_status":"closed","template":"","meta":{"footnotes":""},"class_list":["post-164","page","type-page","status-publish","hentry"],"_links":{"self":[{"href":"http:\/\/www.bezirksverband-wipperfuerth.de\/index.php?rest_route=\/wp\/v2\/pages\/164","targetHints":{"allow":["GET"]}}],"collection":[{"href":"http:\/\/www.bezirksverband-wipperfuerth.de\/index.php?rest_route=\/wp\/v2\/pages"}],"about":[{"href":"http:\/\/www.bezirksverband-wipperfuerth.de\/index.php?rest_route=\/wp\/v2\/types\/page"}],"author":[{"embeddable":true,"href":"http:\/\/www.bezirksverband-wipperfuerth.de\/index.php?rest_route=\/wp\/v2\/users\/1"}],"replies":[{"embeddable":true,"href":"http:\/\/www.bezirksverband-wipperfuerth.de\/index.php?rest_route=%2Fwp%2Fv2%2Fcomments&post=164"}],"version-history":[{"count":7,"href":"http:\/\/www.bezirksverband-wipperfuerth.de\/index.php?rest_route=\/wp\/v2\/pages\/164\/revisions"}],"predecessor-version":[{"id":304,"href":"http:\/\/www.bezirksverband-wipperfuerth.de\/index.php?rest_route=\/wp\/v2\/pages\/164\/revisions\/304"}],"up":[{"embeddable":true,"href":"http:\/\/www.bezirksverband-wipperfuerth.de\/index.php?rest_route=\/wp\/v2\/pages\/89"}],"wp:attachment":[{"href":"http:\/\/www.bezirksverband-wipperfuerth.de\/index.php?rest_route=%2Fwp%2Fv2%2Fmedia&parent=164"}],"curies":[{"name":"wp","href":"https:\/\/api.w.org\/{rel}","templated":true}]}}