{"id":166,"date":"2023-03-26T16:50:17","date_gmt":"2023-03-26T14:50:17","guid":{"rendered":"http:\/\/www.bezirksverband-wipperfuerth.de\/?page_id=166"},"modified":"2023-10-31T13:35:56","modified_gmt":"2023-10-31T12:35:56","slug":"bezirksschiessen","status":"publish","type":"page","link":"http:\/\/www.bezirksverband-wipperfuerth.de\/?page_id=166","title":{"rendered":"Bezirksschie\u00dfen"},"content":{"rendered":"<h4>Bezirksschie\u00dfen<\/h4>\n<p>&nbsp;<\/p>\n<p><strong><u>U12 Laserpunkt Pokal<\/u><\/strong><\/p>\n<p>Anzahl der Sch\u00fctzen: 5 Sch\u00fctzen pro Bruderschaft<\/p>\n<p>Wertung: 3 Sch\u00fctzen<\/p>\n<p>Waffe: Lichtpunktsystem (munitionslos)<\/p>\n<p>Probesch\u00fcsse: beliebig<\/p>\n<p>Wertungssch\u00fcsse: <strong>20 Schuss<\/strong><\/p>\n<p>Zeit: <strong>35<\/strong><strong> Minuten<\/strong> incl. Probe<\/p>\n<p>Anschlag: stehend aufgelegt<\/p>\n<p>Teilnahmeberechtigt sind alle U12-Sch\u00fclersch\u00fctzen von 6 bis 11 Jahre.\u00a0 Stichtag f\u00fcr die Zugeh\u00f6rigkeit ist das Kalenderjahr in dem das Alter erreicht wird.<\/p>\n<p>&nbsp;<\/p>\n<p><strong><u>Sch\u00fcler Pokal \/ U12 Sch\u00fctzen<\/u><\/strong><\/p>\n<p>Anzahl der Sch\u00fctzen: 5 Sch\u00fctzen pro Bruderschaft<\/p>\n<p>Wertung: 3 Sch\u00fctzen<\/p>\n<p>Waffe: Luftgewehr \/ U12 mit Laser etc. (munitionslos)<\/p>\n<p>Probesch\u00fcsse: beliebig<\/p>\n<p>Wertungssch\u00fcsse: <strong>20 Schuss<\/strong><\/p>\n<p>Zeit: <strong>35<\/strong><strong> Minuten<\/strong> incl. Probe<\/p>\n<p>Anschlag: freistehend<\/p>\n<p><strong>Munition muss vom Sch\u00fctzen gestellt werden!<\/strong><\/p>\n<p>Teilnahmeberechtigt sind alle Sch\u00fclersch\u00fctzen bis 16 Jahre. U12 von 10-12 Jahre. Stichtag f\u00fcr die Zugeh\u00f6rigkeit ist das Kalenderjahr in dem das Alter erreicht wird.<\/p>\n<p>&nbsp;<\/p>\n<p><strong><u>Jungsch\u00fctzen Pokal<\/u><\/strong><\/p>\n<p>Anzahl der Sch\u00fctzen: 5 Sch\u00fctzen pro Bruderschaft<\/p>\n<p>Wertung: 3 Sch\u00fctzen<\/p>\n<p>Waffe: Luftgewehr<\/p>\n<p>Probesch\u00fcsse: beliebig<\/p>\n<p>Wertungssch\u00fcsse: <strong>20 Schuss<\/strong><\/p>\n<p>Zeit : <strong>35<\/strong><strong> Minuten<\/strong> incl. Probe<\/p>\n<p>Anschlag: freistehend<\/p>\n<p><strong>Munition muss vom Sch\u00fctzen gestellt werden!<\/strong><\/p>\n<p>Teilnahmeberechtigt sind alle Jungsch\u00fctzen bis 21 Jahre. Stichtag f\u00fcr die Zugeh\u00f6rigkeit ist das Kalenderjahr in dem das Alter erreicht wird.<\/p>\n<p>&nbsp;<\/p>\n<p><strong><u>Sch\u00fctzen Pokal<\/u><\/strong><\/p>\n<p>Anzahl der Sch\u00fctzen: 5 Sch\u00fctzen pro Bruderschaft<\/p>\n<p>Wertung: 3 Sch\u00fctzen<\/p>\n<p>Waffe: Luftgewehr<\/p>\n<p>Probesch\u00fcsse: beliebig<\/p>\n<p>Wertungssch\u00fcsse: <strong>20 Schuss<\/strong><\/p>\n<p>Zeit: <strong>35<\/strong><strong> Minuten<\/strong> incl. Probe<\/p>\n<p>Anschlag: freistehend<\/p>\n<p><strong>Munition muss vom Sch\u00fctzen gestellt werden!<\/strong><\/p>\n<p>Teilnahmeberechtigt sind alle Sch\u00fctzen bis 39 Jahre. Stichtag f\u00fcr die Zugeh\u00f6rigkeit ist das Kalenderjahr in dem das Alter erreicht wird.<\/p>\n<p>&nbsp;<\/p>\n<p><strong><u>Altersklasse\/Senioren Pokal<\/u><\/strong><\/p>\n<p>Anzahl der Sch\u00fctzen: 5 Sch\u00fctzen pro Bruderschaft<\/p>\n<p>Gewertet: 3 Sch\u00fctzen<\/p>\n<p>Waffe: Luftgewehr<\/p>\n<p>Probesch\u00fcsse: beliebig<\/p>\n<p>Wertungssch\u00fcsse: <strong>20 Schuss<\/strong><\/p>\n<p>Zeit: <strong>35<\/strong><strong> Minuten<\/strong> incl. Probe<\/p>\n<p>Anschlag: stehend aufgelegt, Senioren \u00fcber 70 Jahre\u00a0 d\u00fcrfen sitzend aufgelegt schie\u00dfen\u00a0 (siehe allgemeine Regeln)<\/p>\n<p><strong>Munition muss vom Sch\u00fctzen gestellt werden!<\/strong><\/p>\n<p>Teilnahmeberechtigt sind alle Altsch\u00fctzen ab 40 Jahre sowie Damen ab 40 Jahre. Stichtag f\u00fcr die Zugeh\u00f6rigkeit ist das Kalenderjahr in dem das Alter erreicht wird.<\/p>\n<p>&nbsp;<\/p>\n<p><strong><u>Damen II Pokal<\/u><\/strong><\/p>\n<p>Anzahl der Sch\u00fctzen: 5 Sch\u00fctzen pro Bruderschaft<\/p>\n<p>gewertet: 3 Sch\u00fctzen<\/p>\n<p>Waffe: Luftgewehr<\/p>\n<p>Probesch\u00fcsse: beliebig<\/p>\n<p>Wertungssch\u00fcsse: <strong>20 Schuss<\/strong><\/p>\n<p>Zeit: <strong>35<\/strong> Minuten incl. Probe<\/p>\n<p>Anschlag: stehend aufgelegt, ab Damenklasse III (ab 70 Jahre) sitzend aufgelegt (siehe allgemeine Regeln)<\/p>\n<p><strong>Munition muss vom Sch\u00fctzen gestellt werden!<\/strong><\/p>\n<p>&nbsp;<\/p>\n<p><strong><u>Luftpistolen Pokal (offene Klasse)<\/u><\/strong><\/p>\n<p>Anzahl der Sch\u00fctzen: 5 Sch\u00fctzen pro Bruderschaft<\/p>\n<p>Wertung: 3 Sch\u00fctzen<\/p>\n<p>Waffe: Luftpistole<\/p>\n<p>Probesch\u00fcsse: beliebig<\/p>\n<p>Wertungssch\u00fcsse: <strong>20 Schuss<\/strong><\/p>\n<p>Zeit: <strong>35<\/strong><strong> Minuten<\/strong> incl. Probe<\/p>\n<p>Anschlag: freistehend<\/p>\n<p><strong>Munition muss vom Sch\u00fctzen gestellt werden!<\/strong><\/p>\n<p>&nbsp;<\/p>\n<p><strong>Jeder Sch\u00fctze darf nur in einer Klasse starten. Es sind keine Doppelstarts gestattet <\/strong>(z.B Sch\u00fctze startet in Altersklasse aufgelegt und Sch\u00fctzenklasse freistehend <strong>nicht erlaubt<\/strong>).<\/p>\n<p>Teilnahmeberechtigt sind alle Damen ab 40 Jahre. Stichtag f\u00fcr die Zugeh\u00f6rigkeit ist das Kalenderjahr in dem das Alter erreicht wird.<\/p>\n<p>Auch weiterhin ist es den Damen gestatten am Wettbewerb der Altersklasse\/Senioren teilzunehmen, es kann allerdings nur in einer Klasse geschossen werden. Das hei\u00dft: Damen die bereits samstags am Pokalschiessen teilgenommen haben d\u00fcrfen nicht zus\u00e4tzlich am Sonntag am Altsch\u00fctzen\/Senioren Pokal teilnehmen.<\/p>\n<p>Ein Vorschie\u00dfen der Pokalwettbewerbe ist nur an dem gleichen Wochenende m\u00f6glich. Das hei\u00dft wer am Samstag keine Zeit hat kann gern am Sonntag schie\u00dfen und umgekehrt. Sollte ein Sch\u00fctze aus dem aus den gleichen Gr\u00fcnden wie bei der Wanderkette am ganzen Wochenende nicht k\u00f6nnen ist ein Vorschie\u00dfen mit der gleichen Regelung wie bei der Wanderkette gestattet. Es sollte jedoch nicht so sein das ganze Mannschaften an einem Tag vorschie\u00dfen.<\/p>\n<p>Jede Bruderschaft darf nur eine Mannschaft melden. Die Pokale sind als Wanderpokal ausgeschrieben und gehen <strong>nich<\/strong>t in den Besitz eines Vereins \u00fcber, sollte er diesen 3 Mal hintereinander erringen.<\/p>\n<p>Beim Wanderpokal der Jungsch\u00fctzen gilt: Hat ein Verein den \u201eAdlerpokal\u201c dreimal hintereinander erreicht, bekommt dieser als Anerkennung einen Sch\u00fctzen aus Bronze. Die Tages- und Mannschaftsbesten der jeweiligen Gruppen erhalten einen Orden.<\/p>\n<p>&nbsp;<\/p>\n<p><strong><u>Einzelmeisterschaft KK<\/u><\/strong><\/p>\n<p>Waffe: KK Gewehr als Einzellader<\/p>\n<p>Probesch\u00fcsse: 10 Schuss<\/p>\n<p>Wertungssch\u00fcsse: 20 Schuss<\/p>\n<p>Zeit: <strong>30<\/strong> Minuten incl. Probe<\/p>\n<p>Anschlag: liegend<\/p>\n<p><strong>Munition muss vom Sch\u00fctzen gestellt werden.<\/strong><\/p>\n<p>Jeder Sch\u00fctze kann nur eine Serie schie\u00dfen. Der Sch\u00fctze muss sich pers\u00f6nlich bei den Schie\u00dfmeistern anmelden. Jugendliche unter 16 Jahren sind nur dann startberechtigt, wenn sie eine schriftliche Einverst\u00e4ndniserkl\u00e4rung der Erziehungsberechtigten vorlegen k\u00f6nnen, oder die Erziehungsberechtigten beim Schie\u00dfen anwesend sind!<\/p>\n<p>Jungsch\u00fctzen werden gesondert gewertet. Die drei Erstplatzierten der jeweiligen Klassen erhalten einen Orden!<\/p>\n<p>&nbsp;<\/p>\n<p><strong><u>Einzelmeisterschaft KK stehend aufgelegt<\/u><\/strong><\/p>\n<p>Waffe: KK Gewehr als Einzellader<\/p>\n<p>Probesch\u00fcsse: 10 Schuss<\/p>\n<p>Wertungssch\u00fcsse: 20 Schuss<\/p>\n<p>Zeit: <strong>30<\/strong> Minuten incl. Probe<\/p>\n<p>Anschlag: stehend aufgelegt<\/p>\n<p><strong>Munition muss vom Sch\u00fctzen gestellt werden.<\/strong><\/p>\n<p>Teilnahmeberechtigt sind alle Altsch\u00fctzen und Damen ab 40 Jahre. Stichtag f\u00fcr die Zugeh\u00f6rigkeit ist das Kalenderjahr in dem das Alter erreicht wird. Jeder Sch\u00fctze kann nur eine Serie schie\u00dfen. Der Sch\u00fctze muss sich pers\u00f6nlich bei den Schie\u00dfmeistern anmelden. Die drei Erstplatzierten erhalten einen Orden!<\/p>\n<p>&nbsp;<\/p>\n<p><strong><u>Wanderketten Schie\u00dfen<\/u><\/strong><\/p>\n<p>Waffe:\u00a0 KK Gewehr als Einzellader<\/p>\n<p>Anzahl der Sch\u00fctzen:\u00a0 <strong>5<\/strong> <strong>Sch\u00fctzen<\/strong> pro Bruderschaft werden gewertet.<\/p>\n<p>Probesch\u00fcsse:\u00a0 5 Schuss, dabei ist es egal wo diese Sch\u00fcsse landen (d.h. es d\u00fcrfen max. 5 Schuss den Lauf verlassen)<\/p>\n<p>Wertungssch\u00fcsse: 10 Schuss<\/p>\n<p>Zeit: \u00a020 Minuten incl. Probe<\/p>\n<p>Anschlag: \u00a0liegend<\/p>\n<p><strong>Munition muss vom Sch\u00fctzen gestellt werden!<\/strong><\/p>\n<p>Ein Vorschie\u00dfen der Wanderkette ist gestattet:<\/p>\n<ul>\n<li>bei Kommunion oder Konfirmation des eigenen Kindes oder der eigenen Kommunion oder Konfirmation<\/li>\n<li>Sch\u00fctzen, die Mitglied im Bezirksvorstand sind und an dem Wochenende im Einsatz sind<\/li>\n<li>Sch\u00fctzen, die an dem Tag zu \u00fcbergeordneten Wettk\u00e4mpfen im Di\u00f6zesanverband, Bund, DSB oder beim OSB unterwegs sind; sei es zum Schie\u00dfen oder als Helfer<\/li>\n<\/ul>\n<p>Das Vorschie\u00dfen ist 14 Tage vorher bei den Bezirksschie\u00dfmeistern anzumelden. Das Vorschie\u00dfen erfolgt w\u00e4hrend der KK Einzelmeisterschaft.<\/p>\n<p>&nbsp;<\/p>\n<p><strong><u>60 Schuss Pokal KK<\/u><\/strong><\/p>\n<p>Anzahl der Sch\u00fctzen: 4 Sch\u00fctzen pro Bruderschaft werden gewertet.<\/p>\n<p>Waffe: KK Gewehr als Einzellader<\/p>\n<p>Probesch\u00fcsse: beliebig<\/p>\n<p>Wertungssch\u00fcsse: 60 Schuss<\/p>\n<p>Schusszeit: 90 Minuten incl. Probe<\/p>\n<p>Anschlag: liegend oder stehend aufgelegt<\/p>\n<p>Jeder Bruderschaft darf nur eine Mannschaft melden. Die Mannschaft darf sowohl aus liegend als auch aus Sch\u00fctzen, die im stehend aufgelegt Anschlag schie\u00dfen, bestehen. Hierbei ist die Zahl der Sch\u00fctzen mit dem gleichen Anschlag beliebig.<\/p>\n<p>Die Siegreiche Bruderschaft erh\u00e4lt einen <strong>Wanderpokal,<\/strong> der <strong>nicht<\/strong> in Besitz einer Bruderschaft \u00fcbergeht! Die drei besten Einzelsch\u00fctzen erhalten einen Orden!<\/p>\n","protected":false},"excerpt":{"rendered":"<p>Bezirksschie\u00dfen &nbsp; U12 Laserpunkt Pokal Anzahl der Sch\u00fctzen: 5 Sch\u00fctzen pro Bruderschaft Wertung: 3 Sch\u00fctzen Waffe: Lichtpunktsystem (munitionslos) Probesch\u00fcsse: beliebig Wertungssch\u00fcsse: 20 Schuss Zeit: 35 Minuten incl. Probe Anschlag: stehend aufgelegt Teilnahmeberechtigt sind alle U12-Sch\u00fclersch\u00fctzen von 6 bis 11 Jahre.\u00a0 Stichtag f\u00fcr die Zugeh\u00f6rigkeit ist das Kalenderjahr in dem das&#8230;<\/p>\n<p> <a class=\"continue-reading-link\" href=\"http:\/\/www.bezirksverband-wipperfuerth.de\/?page_id=166\"><span>Continue reading<\/span><i class=\"crycon-right-dir\"><\/i><\/a> <\/p>\n","protected":false},"author":1,"featured_media":0,"parent":89,"menu_order":54,"comment_status":"closed","ping_status":"closed","template":"","meta":{"footnotes":""},"class_list":["post-166","page","type-page","status-publish","hentry"],"_links":{"self":[{"href":"http:\/\/www.bezirksverband-wipperfuerth.de\/index.php?rest_route=\/wp\/v2\/pages\/166","targetHints":{"allow":["GET"]}}],"collection":[{"href":"http:\/\/www.bezirksverband-wipperfuerth.de\/index.php?rest_route=\/wp\/v2\/pages"}],"about":[{"href":"http:\/\/www.bezirksverband-wipperfuerth.de\/index.php?rest_route=\/wp\/v2\/types\/page"}],"author":[{"embeddable":true,"href":"http:\/\/www.bezirksverband-wipperfuerth.de\/index.php?rest_route=\/wp\/v2\/users\/1"}],"replies":[{"embeddable":true,"href":"http:\/\/www.bezirksverband-wipperfuerth.de\/index.php?rest_route=%2Fwp%2Fv2%2Fcomments&post=166"}],"version-history":[{"count":10,"href":"http:\/\/www.bezirksverband-wipperfuerth.de\/index.php?rest_route=\/wp\/v2\/pages\/166\/revisions"}],"predecessor-version":[{"id":305,"href":"http:\/\/www.bezirksverband-wipperfuerth.de\/index.php?rest_route=\/wp\/v2\/pages\/166\/revisions\/305"}],"up":[{"embeddable":true,"href":"http:\/\/www.bezirksverband-wipperfuerth.de\/index.php?rest_route=\/wp\/v2\/pages\/89"}],"wp:attachment":[{"href":"http:\/\/www.bezirksverband-wipperfuerth.de\/index.php?rest_route=%2Fwp%2Fv2%2Fmedia&parent=166"}],"curies":[{"name":"wp","href":"https:\/\/api.w.org\/{rel}","templated":true}]}}