{"id":168,"date":"2023-03-26T16:50:46","date_gmt":"2023-03-26T14:50:46","guid":{"rendered":"http:\/\/www.bezirksverband-wipperfuerth.de\/?page_id=168"},"modified":"2023-10-31T13:36:45","modified_gmt":"2023-10-31T12:36:45","slug":"bezirksmajestaetenschiessen","status":"publish","type":"page","link":"http:\/\/www.bezirksverband-wipperfuerth.de\/?page_id=168","title":{"rendered":"Bezirksmajest\u00e4tenschie\u00dfen"},"content":{"rendered":"<h4>Bezirksmajest\u00e4tenschie\u00dfen<\/h4>\n<p>&nbsp;<\/p>\n<p>Die folgenden Unterlagen <strong>m\u00fcssen<\/strong> mitgebracht werden:<\/p>\n<ul>\n<li>den <u>Meldebogen<\/u> zum Sch\u00fclerprinzen-, Prinzen- und K\u00f6nigsschie\u00dfen (Ausdruck \u00fcber eVewa)<\/li>\n<li>Kopie vom eVewa-Ausweis<\/li>\n<li>Kopie vom Personalausweis<\/li>\n<li>Originale Einverst\u00e4ndniserkl\u00e4rung nach \u00a7 27 (3) Waffengesetz mit der Unterschrift <strong><u>beider<\/u><\/strong> Sorgeberechtigten (vom Bund)<\/li>\n<\/ul>\n<p>&nbsp;<\/p>\n<p><u>Bezirkssch\u00fclerprinzenschie\u00dfen, stehend aufgelegt.<\/u><\/p>\n<ul>\n<li>Alle amtierenden Sch\u00fclerprinzen sind startberechtigt. Sollte jedoch der neue Bezirkssch\u00fclerprinz das Alterslimit f\u00fcr das Di\u00f6zesansch\u00fclerprinzenschie\u00dfen \u00fcberschritten haben, wird der n\u00e4chstplatzierte Sch\u00fclerprinz weiter gemeldet.<\/li>\n<li>Beim Aufgelegt schie\u00dfen ist ein Keil am Schaft der Waffe gestattet!<\/li>\n<li><strong>Alterslimit Di\u00f6zesansch\u00fclerprinzenschie\u00dfen 16 Jahre oder j\u00fcnger.<\/strong><\/li>\n<li>Stichtag f\u00fcr die Zugeh\u00f6rigkeit ist das Kalenderjahr in dem das Alter erreicht wird.<\/li>\n<\/ul>\n<p><u>Bezirksprinzenschie\u00dfen, freistehend <\/u><\/p>\n<ul>\n<li>Alle amtierenden Prinzen sind startberechtigt. Sonst siehe Sch\u00fclerprinzenschie\u00dfen.<\/li>\n<li><strong>Alterslimit Di\u00f6zesanprinzenschie\u00dfen 24Jahre oder j\u00fcnger.<\/strong><\/li>\n<li>Stichtag f\u00fcr die Zugeh\u00f6rigkeit ist das Kalenderjahr in dem das Alter erreicht wird.<\/li>\n<\/ul>\n<p><u>Bezirksk\u00f6nigsschie\u00dfen, stehend angestrichen.<\/u><\/p>\n<ul>\n<li><strong>Mindestalter 18 Jahre oder \u00e4lter!<\/strong><\/li>\n<li>Stichtag f\u00fcr die Zugeh\u00f6rigkeit ist das Kalenderjahr in dem das Alter erreicht wird.<\/li>\n<li>Ein Vorschie\u00dfen der Majest\u00e4ten ist im Falle der eigenen Kommunion oder Konfirmation,<\/li>\n<li>bzw. der des Kindes, sowohl aus beruflichen Gr\u00fcnden, oder wenn der Sch\u00fctze an einem Di\u00f6zesan- bzw. Bundeswettbewerb teilnimmt, gestattet.<\/li>\n<\/ul>\n<p>&nbsp;<\/p>\n<p><strong><em><u>Schie\u00dfen der ehemaligen Bezirksmajest\u00e4ten<\/u><\/em><\/strong><\/p>\n<p>Das Schie\u00dfen findet alle F\u00fcnf Jahre statt. Es wird ein Vogelschie\u00dfen veranstaltet. Teilnahmeberechtigt sind alle ehemaligen Bezirkssch\u00fclerprinzen, Bezirksprinzen sowie Bezirksk\u00f6nige.<\/p>\n<p>Gastgeber ist die Bruderschaft, die den Sieger aus dem Wettbewerb der ehemaligen Bezirksk\u00f6nige aus dem Vorjahr aufweist.<\/p>\n<p>Die Sieger der jeweiligen Wettbewerbe erhalten eine <strong>Wander &#8211; Ehrentafel.<\/strong><\/p>\n","protected":false},"excerpt":{"rendered":"<p>Bezirksmajest\u00e4tenschie\u00dfen &nbsp; Die folgenden Unterlagen m\u00fcssen mitgebracht werden: den Meldebogen zum Sch\u00fclerprinzen-, Prinzen- und K\u00f6nigsschie\u00dfen (Ausdruck \u00fcber eVewa) Kopie vom eVewa-Ausweis Kopie vom Personalausweis Originale Einverst\u00e4ndniserkl\u00e4rung nach \u00a7 27 (3) Waffengesetz mit der Unterschrift beider Sorgeberechtigten (vom Bund) &nbsp; Bezirkssch\u00fclerprinzenschie\u00dfen, stehend aufgelegt. Alle amtierenden Sch\u00fclerprinzen sind startberechtigt. Sollte jedoch der&#8230;<\/p>\n<p> <a class=\"continue-reading-link\" href=\"http:\/\/www.bezirksverband-wipperfuerth.de\/?page_id=168\"><span>Continue reading<\/span><i class=\"crycon-right-dir\"><\/i><\/a> <\/p>\n","protected":false},"author":1,"featured_media":0,"parent":89,"menu_order":55,"comment_status":"closed","ping_status":"closed","template":"","meta":{"footnotes":""},"class_list":["post-168","page","type-page","status-publish","hentry"],"_links":{"self":[{"href":"http:\/\/www.bezirksverband-wipperfuerth.de\/index.php?rest_route=\/wp\/v2\/pages\/168","targetHints":{"allow":["GET"]}}],"collection":[{"href":"http:\/\/www.bezirksverband-wipperfuerth.de\/index.php?rest_route=\/wp\/v2\/pages"}],"about":[{"href":"http:\/\/www.bezirksverband-wipperfuerth.de\/index.php?rest_route=\/wp\/v2\/types\/page"}],"author":[{"embeddable":true,"href":"http:\/\/www.bezirksverband-wipperfuerth.de\/index.php?rest_route=\/wp\/v2\/users\/1"}],"replies":[{"embeddable":true,"href":"http:\/\/www.bezirksverband-wipperfuerth.de\/index.php?rest_route=%2Fwp%2Fv2%2Fcomments&post=168"}],"version-history":[{"count":6,"href":"http:\/\/www.bezirksverband-wipperfuerth.de\/index.php?rest_route=\/wp\/v2\/pages\/168\/revisions"}],"predecessor-version":[{"id":225,"href":"http:\/\/www.bezirksverband-wipperfuerth.de\/index.php?rest_route=\/wp\/v2\/pages\/168\/revisions\/225"}],"up":[{"embeddable":true,"href":"http:\/\/www.bezirksverband-wipperfuerth.de\/index.php?rest_route=\/wp\/v2\/pages\/89"}],"wp:attachment":[{"href":"http:\/\/www.bezirksverband-wipperfuerth.de\/index.php?rest_route=%2Fwp%2Fv2%2Fmedia&parent=168"}],"curies":[{"name":"wp","href":"https:\/\/api.w.org\/{rel}","templated":true}]}}