{"id":36,"date":"2023-03-09T20:06:54","date_gmt":"2023-03-09T19:06:54","guid":{"rendered":"http:\/\/www.bezirksverband-wipperfuerth.de\/?page_id=36"},"modified":"2023-03-12T11:04:00","modified_gmt":"2023-03-12T10:04:00","slug":"vorstand","status":"publish","type":"page","link":"http:\/\/www.bezirksverband-wipperfuerth.de\/?page_id=36","title":{"rendered":"Vorstand"},"content":{"rendered":"\r\n<h4>Vorstand des Bezirksverbandes Wipperf\u00fcrth<\/h4>\r\n<p>&nbsp;<\/p>\r\n\n<table id=\"tablepress-7\" class=\"tablepress tablepress-id-7\">\n<thead>\n<tr class=\"row-1\">\n\t<th class=\"column-1\">Name<\/th><th class=\"column-2\">Funktion<\/th><th class=\"column-3\">Bruderschaft<\/th><th class=\"column-4\">E-Mail-Adresse<\/th>\n<\/tr>\n<\/thead>\n<tbody class=\"row-striping row-hover\">\n<tr class=\"row-2\">\n\t<td class=\"column-1\">G\u00fcnter Sauermann<\/td><td class=\"column-2\">Bezirksbundesmeister<\/td><td class=\"column-3\">St. Sebastianus Sch\u00fctzenbruderschaft<br \/>\nFrielingsdorf 1883 e.V.<\/td><td class=\"column-4\">guentersauermann@gmx.de<\/td>\n<\/tr>\n<tr class=\"row-3\">\n\t<td class=\"column-1\">Robert Nitsch<\/td><td class=\"column-2\">stv. Bezirksbundesmeister<br \/>\n<\/td><td class=\"column-3\">St. Sebastianus Sch\u00fctzenbruderschaft<br \/>\nWipperfeld 1921 e.V.<\/td><td class=\"column-4\">ajour.bl@gmx.de<\/td>\n<\/tr>\n<tr class=\"row-4\">\n\t<td class=\"column-1\">Marcel Wendeler<\/td><td class=\"column-2\">Bezirkskassierer<\/td><td class=\"column-3\">St. Sebastianus Sch\u00fctzenbruderschaft<br \/>\nFrielingsdorf 1883 e.V.<\/td><td class=\"column-4\">m.wendeler@t-online.de<\/td>\n<\/tr>\n<tr class=\"row-5\">\n\t<td class=\"column-1\">Alina Hessling<\/td><td class=\"column-2\">Bezirksschriftf\u00fchrerin<\/td><td class=\"column-3\">St. Sebastianus Sch\u00fctzenbruderschaft<br \/>\nFrielingsdorf 1883 e.V.<\/td><td class=\"column-4\">alinahessling1@gmail.com<\/td>\n<\/tr>\n<tr class=\"row-6\">\n\t<td class=\"column-1\">Sven Lamsfu\u00df<\/td><td class=\"column-2\">Bezirksschie\u00dfmeister<\/td><td class=\"column-3\">St. Sebastianus Sch\u00fctzenbruderschaft<br \/>\nWipperfeld 1921 e.V.<\/td><td class=\"column-4\">sportleiter.bezirkwipp@gmail.com<\/td>\n<\/tr>\n<tr class=\"row-7\">\n\t<td class=\"column-1\">Larissa Gehle<\/td><td class=\"column-2\">Bezirksjungsch\u00fctzenmeisterin<\/td><td class=\"column-3\">St. Sebastianus Sch\u00fctzenbruderschaft<br \/>\nAgathaberg 1897 e.V.<\/td><td class=\"column-4\">gehlelarissa@gmail.com<\/td>\n<\/tr>\n<tr class=\"row-8\">\n\t<td class=\"column-1\">Niclas Berger<\/td><td class=\"column-2\">stv. Bezirksjungsch\u00fctzenmeister<\/td><td class=\"column-3\">St. Sebastianus Sch\u00fctzenbruderschaft<br \/>\nAgathaberg 1897 e.V.<\/td><td class=\"column-4\">berger.niclas@gmx.de<\/td>\n<\/tr>\n<tr class=\"row-9\">\n\t<td class=\"column-1\">Torben Sauermann<\/td><td class=\"column-2\">Beisitzer Homepage &amp; Bezirksfest<\/td><td class=\"column-3\">St. Sebastianus Sch\u00fctzenbruderschaft<br \/>\nFrielingsdorf 1883 e.V.<\/td><td class=\"column-4\">1.Brudermeister@Schuetzen-frielingsdorf.de<\/td>\n<\/tr>\n<\/tbody>\n<\/table>\n<!-- #tablepress-7 from cache -->\r\n\r\n\r\n\r\n<p>Ebenfalls Teil des Bezirksgesamtvorstands sind der Bezirkspr\u00e4ses als ordentlich geborenes Mitglied des Dekanats Wipperf\u00fcrth,\u00a0 der Bezirksprinz und Bezirksk\u00f6nig sowie die Brudermeister \/ Vorsitzenden der Bruderschaften \/ Vereine.<\/p>\r\n","protected":false},"excerpt":{"rendered":"<p>Vorstand des Bezirksverbandes Wipperf\u00fcrth &nbsp; Ebenfalls Teil des Bezirksgesamtvorstands sind der Bezirkspr\u00e4ses als ordentlich geborenes Mitglied des Dekanats Wipperf\u00fcrth,\u00a0 der Bezirksprinz und Bezirksk\u00f6nig sowie die Brudermeister \/ Vorsitzenden der Bruderschaften \/ Vereine.<\/p>\n<p> <a class=\"continue-reading-link\" href=\"http:\/\/www.bezirksverband-wipperfuerth.de\/?page_id=36\"><span>Continue reading<\/span><i class=\"crycon-right-dir\"><\/i><\/a> <\/p>\n","protected":false},"author":1,"featured_media":0,"parent":34,"menu_order":22,"comment_status":"closed","ping_status":"closed","template":"","meta":{"footnotes":""},"class_list":["post-36","page","type-page","status-publish","hentry"],"_links":{"self":[{"href":"http:\/\/www.bezirksverband-wipperfuerth.de\/index.php?rest_route=\/wp\/v2\/pages\/36","targetHints":{"allow":["GET"]}}],"collection":[{"href":"http:\/\/www.bezirksverband-wipperfuerth.de\/index.php?rest_route=\/wp\/v2\/pages"}],"about":[{"href":"http:\/\/www.bezirksverband-wipperfuerth.de\/index.php?rest_route=\/wp\/v2\/types\/page"}],"author":[{"embeddable":true,"href":"http:\/\/www.bezirksverband-wipperfuerth.de\/index.php?rest_route=\/wp\/v2\/users\/1"}],"replies":[{"embeddable":true,"href":"http:\/\/www.bezirksverband-wipperfuerth.de\/index.php?rest_route=%2Fwp%2Fv2%2Fcomments&post=36"}],"version-history":[{"count":8,"href":"http:\/\/www.bezirksverband-wipperfuerth.de\/index.php?rest_route=\/wp\/v2\/pages\/36\/revisions"}],"predecessor-version":[{"id":131,"href":"http:\/\/www.bezirksverband-wipperfuerth.de\/index.php?rest_route=\/wp\/v2\/pages\/36\/revisions\/131"}],"up":[{"embeddable":true,"href":"http:\/\/www.bezirksverband-wipperfuerth.de\/index.php?rest_route=\/wp\/v2\/pages\/34"}],"wp:attachment":[{"href":"http:\/\/www.bezirksverband-wipperfuerth.de\/index.php?rest_route=%2Fwp%2Fv2%2Fmedia&parent=36"}],"curies":[{"name":"wp","href":"https:\/\/api.w.org\/{rel}","templated":true}]}}