{"id":85,"date":"2023-03-09T21:11:34","date_gmt":"2023-03-09T20:11:34","guid":{"rendered":"http:\/\/www.bezirksverband-wipperfuerth.de\/?page_id=85"},"modified":"2023-03-09T21:12:35","modified_gmt":"2023-03-09T20:12:35","slug":"historie","status":"publish","type":"page","link":"http:\/\/www.bezirksverband-wipperfuerth.de\/?page_id=85","title":{"rendered":"Historie"},"content":{"rendered":"<h4>Historie<\/h4>\n<p>&nbsp;<\/p>\n<p>Nach anf\u00e4nglicher Zusammenarbeit mit den Nationalsozialisten wurde die Bruderschaft 1936 wegen ihres oppositionellen Verhaltens am 5. M\u00e4rz 1936 verboten und aufgel\u00f6st. Nach dem Krieg formierten sich zun\u00e4chst lokal die Bruderschaften wieder neu. Erst am 1. Januar 1951 schlossen sich die Di\u00f6zesanverb\u00e4nde zum Zentralverband der Historischen Deutschen Sch\u00fctzenbruderschaften zusammen.<\/p>\n<p>Nach Streitigkeiten mit dem Deutschen Sch\u00fctzenbund wurde 1960 das Sportschie\u00dfen ins Programm eigenst\u00e4ndig aufgenommen. Drei Jahre sp\u00e4ter gr\u00fcndete sich die Jugendorganisation. Im Jahr 1967 wurde der Verbandsname auf den heutigen Namen ge\u00e4ndert.<\/p>\n<p>Der Marsch Sch\u00fctzenehre von Thomas Baum aus Korschenbroich wurde auf Beschluss des Pr\u00e4sidium am 12. Juni 2010 zum Bundesmarsch der Historischen Deutschen Sch\u00fctzenbruderschaften ernannt.<\/p>\n<p>Am 12. M\u00e4rz 2017 hat der BHDS in seinen Statuten einen fr\u00fcheren Beschluss aufgehoben, wonach Homosexuelle nicht zusammen mit ihrem Lebenspartner als K\u00f6nigspaar auftreten d\u00fcrfen und \u00f6ffnet sich jetzt auch f\u00fcr Muslime.<\/p>\n<p>Der BHDS-Vorstand berichtete im M\u00e4rz 2020 von verschiedenen Versuchen der Partei AfD, Einfluss auf den Bund zu nehmen. Emil Vogt sprach von \u201eVereinnahmungsversuchen\u201c der Partei. So habe sie im Zuge der Debatte um ein versch\u00e4rftes Waffenrecht im Jahr 2019 den Bund und seine Bruderschaften gezielt kontaktiert und mit der AfD verbundene Personen aus Bundesl\u00e4ndern, in denen keine Bruderschaften existieren, h\u00e4tten hohe Geldspenden angeboten. Der BHDS lehnte diese Offerten ab und berichtete, dass die AfD das Ziel verfolge, \u201egerade Sch\u00fctzen- und andere Brauchtumsvereine zu unterwandern, um sich damit ein volkst\u00fcmliches M\u00e4ntelchen umzulegen\u201c und als Volkspartei wahrgenommen zu werden. Am 22. August 2021 fasste der Hauptvorstand des Dachverbandes den Beschluss der \u201eUnvereinbarkeit der Mitgliedschaft in einer dem im Bund der Historischen Deutschen Bruderschaften angeh\u00f6rigen Bruderschaft mit der Mitgliedschaft in der Partei Alternative f\u00fcr Deutschland (AfD)\u201c, da das christliche Menschenbild der Bruderschaften den Zielen der AfD kontr\u00e4r entgegenstehe; rechte Populisten wollten \u201eunter dem Deckmantel der Heimatverbundenheit Grenzen abschotten\u201c und Fremdenhass sch\u00fcren; die Werte der Sch\u00fctzenbruderschaften setzten hingegen auf Miteinander und nicht auf Ausgrenzung.<\/p>\n","protected":false},"excerpt":{"rendered":"<p>Historie &nbsp; Nach anf\u00e4nglicher Zusammenarbeit mit den Nationalsozialisten wurde die Bruderschaft 1936 wegen ihres oppositionellen Verhaltens am 5. M\u00e4rz 1936 verboten und aufgel\u00f6st. Nach dem Krieg formierten sich zun\u00e4chst lokal die Bruderschaften wieder neu. Erst am 1. Januar 1951 schlossen sich die Di\u00f6zesanverb\u00e4nde zum Zentralverband der Historischen Deutschen Sch\u00fctzenbruderschaften zusammen&#8230;.<\/p>\n<p> <a class=\"continue-reading-link\" href=\"http:\/\/www.bezirksverband-wipperfuerth.de\/?page_id=85\"><span>Continue reading<\/span><i class=\"crycon-right-dir\"><\/i><\/a> <\/p>\n","protected":false},"author":1,"featured_media":0,"parent":81,"menu_order":44,"comment_status":"closed","ping_status":"closed","template":"","meta":{"footnotes":""},"class_list":["post-85","page","type-page","status-publish","hentry"],"_links":{"self":[{"href":"http:\/\/www.bezirksverband-wipperfuerth.de\/index.php?rest_route=\/wp\/v2\/pages\/85","targetHints":{"allow":["GET"]}}],"collection":[{"href":"http:\/\/www.bezirksverband-wipperfuerth.de\/index.php?rest_route=\/wp\/v2\/pages"}],"about":[{"href":"http:\/\/www.bezirksverband-wipperfuerth.de\/index.php?rest_route=\/wp\/v2\/types\/page"}],"author":[{"embeddable":true,"href":"http:\/\/www.bezirksverband-wipperfuerth.de\/index.php?rest_route=\/wp\/v2\/users\/1"}],"replies":[{"embeddable":true,"href":"http:\/\/www.bezirksverband-wipperfuerth.de\/index.php?rest_route=%2Fwp%2Fv2%2Fcomments&post=85"}],"version-history":[{"count":2,"href":"http:\/\/www.bezirksverband-wipperfuerth.de\/index.php?rest_route=\/wp\/v2\/pages\/85\/revisions"}],"predecessor-version":[{"id":87,"href":"http:\/\/www.bezirksverband-wipperfuerth.de\/index.php?rest_route=\/wp\/v2\/pages\/85\/revisions\/87"}],"up":[{"embeddable":true,"href":"http:\/\/www.bezirksverband-wipperfuerth.de\/index.php?rest_route=\/wp\/v2\/pages\/81"}],"wp:attachment":[{"href":"http:\/\/www.bezirksverband-wipperfuerth.de\/index.php?rest_route=%2Fwp%2Fv2%2Fmedia&parent=85"}],"curies":[{"name":"wp","href":"https:\/\/api.w.org\/{rel}","templated":true}]}}