{"id":89,"date":"2023-03-09T21:15:04","date_gmt":"2023-03-09T20:15:04","guid":{"rendered":"http:\/\/www.bezirksverband-wipperfuerth.de\/?page_id=89"},"modified":"2026-02-03T16:18:23","modified_gmt":"2026-02-03T15:18:23","slug":"schiesssport","status":"publish","type":"page","link":"http:\/\/www.bezirksverband-wipperfuerth.de\/?page_id=89","title":{"rendered":"Schiesssport"},"content":{"rendered":"<h4>Vorwort zu den Bezirkswettbewerben<\/h4>\n<p>&nbsp;<\/p>\n<p>Die Bezirkswettbewerbe werden ausgetragen, um das sportliche Schie\u00dfen und die freundschaftliche Beziehung zwischen den Bruderschaften zu f\u00f6rdern. Die Ausschreibung des Bezirksverbandes Wipperf\u00fcrth ist das Grundsatzregelwerk f\u00fcr das sportliche Schie\u00dfen in unserem Bezirk.<\/p>\n<p><strong>Alle getroffenen Regeln in dieser Ausschreibung sind nur in Anlehnung an die Sportordnung des BHDS zu sehen.<\/strong><\/p>\n<p>Sie wird zusammen mit den jeweiligen Vereinsschie\u00dfmeister \/innen und den Bezirksschie\u00dfmeistern\/innen ausgearbeitet, genehmigt und eventuell in Absprache ge\u00e4ndert. Sollten sich Zweifelsfragen ergeben, die in dieser Ausschreibung nicht geregelt sind, wird nach den Regeln der sportlichen Fairness entschieden. In F\u00e4llen wo keine einvernehmliche Einigung erzielt werden kann entscheidet der Bezirksvorstand, abz\u00fcglich der Brudermeister.<\/p>\n<p>Mit dem Inkrafttreten einer aktuelleren Ausschreibung verlieren alle bisherigen Fassungen ihre G\u00fcltigkeit.<\/p>\n<p>Wipperf\u00fcrth, Januar 2026<\/p>\n<p>Der Bezirksschie\u00dfmeister<\/p>\n","protected":false},"excerpt":{"rendered":"<p>Vorwort zu den Bezirkswettbewerben &nbsp; Die Bezirkswettbewerbe werden ausgetragen, um das sportliche Schie\u00dfen und die freundschaftliche Beziehung zwischen den Bruderschaften zu f\u00f6rdern. Die Ausschreibung des Bezirksverbandes Wipperf\u00fcrth ist das Grundsatzregelwerk f\u00fcr das sportliche Schie\u00dfen in unserem Bezirk. Alle getroffenen Regeln in dieser Ausschreibung sind nur in Anlehnung an die Sportordnung&#8230;<\/p>\n<p> <a class=\"continue-reading-link\" href=\"http:\/\/www.bezirksverband-wipperfuerth.de\/?page_id=89\"><span>Continue reading<\/span><i class=\"crycon-right-dir\"><\/i><\/a> <\/p>\n","protected":false},"author":1,"featured_media":0,"parent":0,"menu_order":50,"comment_status":"closed","ping_status":"closed","template":"","meta":{"footnotes":""},"class_list":["post-89","page","type-page","status-publish","hentry"],"_links":{"self":[{"href":"http:\/\/www.bezirksverband-wipperfuerth.de\/index.php?rest_route=\/wp\/v2\/pages\/89","targetHints":{"allow":["GET"]}}],"collection":[{"href":"http:\/\/www.bezirksverband-wipperfuerth.de\/index.php?rest_route=\/wp\/v2\/pages"}],"about":[{"href":"http:\/\/www.bezirksverband-wipperfuerth.de\/index.php?rest_route=\/wp\/v2\/types\/page"}],"author":[{"embeddable":true,"href":"http:\/\/www.bezirksverband-wipperfuerth.de\/index.php?rest_route=\/wp\/v2\/users\/1"}],"replies":[{"embeddable":true,"href":"http:\/\/www.bezirksverband-wipperfuerth.de\/index.php?rest_route=%2Fwp%2Fv2%2Fcomments&post=89"}],"version-history":[{"count":10,"href":"http:\/\/www.bezirksverband-wipperfuerth.de\/index.php?rest_route=\/wp\/v2\/pages\/89\/revisions"}],"predecessor-version":[{"id":353,"href":"http:\/\/www.bezirksverband-wipperfuerth.de\/index.php?rest_route=\/wp\/v2\/pages\/89\/revisions\/353"}],"wp:attachment":[{"href":"http:\/\/www.bezirksverband-wipperfuerth.de\/index.php?rest_route=%2Fwp%2Fv2%2Fmedia&parent=89"}],"curies":[{"name":"wp","href":"https:\/\/api.w.org\/{rel}","templated":true}]}}